{"id":2096,"date":"2016-08-03T13:14:37","date_gmt":"2016-08-03T13:14:37","guid":{"rendered":"http:\/\/demo.olevmedia.net\/wheelsberry\/?page_id=9"},"modified":"2025-11-25T14:22:09","modified_gmt":"2025-11-25T18:22:09","slug":"homepage","status":"publish","type":"page","link":"https:\/\/rypmiamicar.com\/","title":{"rendered":"Homepage"},"content":{"rendered":"<p>[vc_row full_width=\u00bbstretch_row\u00bb el_id=\u00bbservices\u00bb][vc_column][vc_custom_heading text=\u00bbOur Services\u00bb text_additional=\u00bbProbably the best service in the world\u00bb font_container=\u00bbtag:h2|text_align:center\u00bb][om_max_width max_width=\u00bb960&#8243;][om_services top_padding=\u00bb250&#8243; bottom_padding=\u00bb100&#8243;][om_services_item title=\u00bbWI-FI Hostpot\u00bb link=\u00bb|||\u00bb bg_image=\u00bb2131&#8243;]Con nuestro dispositivo Mobile Wi-Fi hotspot puedes conectarte f\u00e1cilmente Sin cargos de roaming ni l\u00edmites de descarga con libertad para navegar, usar el entretenimiento, hacer descargas y jugar. Y sin preocuparte por la factura final.[\/om_services_item][om_services_item title=\u00bbDel Avi\u00f3n a tu Carro\u00bb link=\u00bb|||\u00bb bg_image=\u00bb40&#8243;]En la puerta del aeropuerto, sin filas, sin tener que tomar tren o bus.[\/om_services_item][om_services_item title=\u00bbFull Tanqueada\u00bb link=\u00bb|||\u00bb bg_image=\u00bb39&#8243;]Queremos que te movilices y disfrute de tu estad\u00eda, pensamos en entregarte el carro full carga de gasolina para que puedas disfrutas tranquilo tu estad\u00eda sin preocupaciones mientras te ubicas.[\/om_services_item][om_services_item title=\u00bbRecogida y entrega\u00bb bg_image=\u00bb38&#8243;]Y como queremos que no te preocupes, tenemos el servicio de recogida asi mismo como el de la entrega lo recogemos en el aeropuerto para que puedas viajar tranquilo, transparente sin costo ocultos.[\/om_services_item][\/om_services][\/om_max_width][vc_empty_space height=\u00bb40px\u00bb][\/vc_column][\/vc_row][vc_row full_width=\u00bbstretch_row\u00bb el_id=\u00bbabout\u00bb css=\u00bb.vc_custom_1470245913143{background-color: #ffffff !important;}\u00bb][vc_column][vc_empty_space height=\u00bb40px\u00bb][vc_custom_heading text=\u00bbQuienes Somos\u00bb text_additional=\u00bbLa mejor manera de conocer la Florida\u00bb font_container=\u00bbtag:h2|text_align:center\u00bb][om_about][om_about_item content_block=\u00bbcounter\u00bb title=\u00bbRenta de coche\u00bb image=\u00bb50&#8243; img=\u00bb2199&#8243; counter_title=\u00bbHappy clients\u00bb counter_value=\u00bb3500&#8243;]Lideramos con innovaci\u00f3n en el sector de alquiler de veh\u00edculos. Servicio al cliente de alta calidad y experiencia de alquiler sin interrupciones.[\/om_about_item][om_about_item content_block=\u00bbimg\u00bb title=\u00bbNos especializamos en Florida\u00bb image=\u00bb51&#8243; img=\u00bb2206&#8243; content_img=\u00bb54&#8243;]Somos unas de las compa\u00f1\u00eda mas grande de renta de veh\u00edculos en Florida, tenemos la soluci\u00f3n para tus viajes, sin gastos oculto transparencia en nuestra rentas.[\/om_about_item][om_about_item content_block=\u00bbimg\u00bb title=\u00bbLas mejores tarifas de alquiler de autos\u00bb image=\u00bb51&#8243; img=\u00bb2205&#8243; content_img=\u00bb57&#8243;]Una de las compa\u00f1\u00edas de alquiler de autos m\u00e1s grandes de Florida. M\u00e1s de 200 veh\u00edculos en, 80 veh\u00edculos premium[\/om_about_item][\/om_about][vc_empty_space height=\u00bb40px\u00bb][\/vc_column][\/vc_row][vc_row full_width=\u00bbstretch_row\u00bb el_id=\u00bbtestimonials\u00bb css=\u00bb.vc_custom_1470247299737{background-color: #f7f7f7 !important;}\u00bb][vc_column][vc_empty_space height=\u00bb40px\u00bb][vc_custom_heading text=\u00bb\u00bfQu\u00e9 dicen los clientes sobre nosotros?\u00bb font_container=\u00bbtag:h2|text_align:center\u00bb uppercase=\u00bbyes\u00bb][om_testimonials][om_testimonials_item author=\u00bbCristian Dominguez\u00bb]Muchas gracias excelente servicio la atenci\u00f3n y la disponibilidad de ustedes a todas mis preguntas. Hice todo mi reservaci\u00f3n por WhatsApp y ten\u00eda muchas dudas pero definitivamente fue m\u00e1s de lo esperado muy recomendada esta empresa!!! viaj\u00f3 constantemente a Miami y definitivamente los volver\u00eda a elegir![\/om_testimonials_item][om_testimonials_item author=\u00bbEduardo Garcia\u00bb]Gran servicio y atenci\u00f3n! Resolvieron todas nuestras dudas pronto y de forma sencilla. 100% recomendables.[\/om_testimonials_item][om_testimonials_item author=\u00bbEliana Isabel Bedoya\u00bb]Great service and perfect price. The cars are new and the customer service answered all my questions.[\/om_testimonials_item][om_testimonials_item author=\u00bbMateo Pelaez\u00bb]Excelentes carros, servicio al cliente de primera!! espero poder contar con ustedes en una pr\u00f3xima oportunidad !![\/om_testimonials_item][\/om_testimonials][vc_empty_space height=\u00bb40px\u00bb][\/vc_column][\/vc_row][vc_row full_width=\u00bbstretch_row_content_no_spaces\u00bb el_id=\u00bblocations\u00bb][vc_column][om_rental_locations zoom=\u00bb16&#8243; title=\u00bbCar Rental Stations\u00bb height=\u00bb370&#8243;][\/vc_column][\/vc_row][vc_row full_width=\u00bbstretch_row\u00bb el_id=\u00bbcontacts\u00bb][vc_column][vc_empty_space height=\u00bb40px\u00bb][vc_custom_heading text=\u00bbCustomers center\u00bb text_additional=\u00bbFeel free to contact us with any questions\u00bb font_container=\u00bbtag:h2|text_align:center\u00bb uppercase=\u00bbyes\u00bb][om_persons][om_persons_item img_stand_out=\u00bbyes\u00bb name=\u00bbAndr\u00e9s Lopez\u00bb post=\u00bbAsesor de Reserva\u00bb phone=\u00bb+1 786 856 8442&#8243; email=\u00bbinfo@rypmiamicar.com\u00bb img=\u00bb93&#8243; img_offset_x=\u00bb32&#8243; img_offset_y=\u00bb70&#8243;][om_persons_item img_stand_out=\u00bbyes\u00bb name=\u00bbAndr\u00e9s G\u00f3mez\u00bb post=\u00bbAsesor de reservas\u00bb phone=\u00bb+1 786 856 8442&#8243; email=\u00bbinfo@rypmiamicar.com\u00bb img=\u00bb93&#8243; img_offset_x=\u00bb32&#8243; img_offset_y=\u00bb70&#8243;][om_persons_item img_stand_out=\u00bbyes\u00bb name=\u00bbViviana Molina\u00bb post=\u00bbAsesor de Ventas\u00bb phone=\u00bb+1 786 856 8442&#8243; email=\u00bbinfo@rypmiamicar.com\u00bb img=\u00bb97&#8243; img_offset_x=\u00bb32&#8243; img_offset_y=\u00bb70&#8243;][\/om_persons][om_logos grayscale=\u00bbyes\u00bb images=\u00bb2161,2162,2163,2164&#8243;][vc_empty_space height=\u00bb20px\u00bb][vc_gmaps link=\u00bb#E-8_JTNDaWZyYW1lJTIwc3JjJTNEJTIyaHR0cHMlM0ElMkYlMkZ3d3cuZ29vZ2xlLmNvbSUyRm1hcHMlMkZlbWJlZCUzRnBiJTNEJTIxMW0xOCUyMTFtMTIlMjExbTMlMjExZDM1ODMuNDM0ODc3MDk4NjM2NyUyMTJkLTgwLjE0MDA4NTkyNDU4ODglMjEzZDI2LjA4NDcxOTI3NzE1MDQxNiUyMTJtMyUyMTFmMCUyMTJmMCUyMTNmMCUyMTNtMiUyMTFpMTAyNCUyMTJpNzY4JTIxNGYxMy4xJTIxM20zJTIxMW0yJTIxMXMweDg4ZDkwMDdlY2Q4NTJhMmYlMjUzQTB4ZWM5MmZjNDk3NTFmNTFjMSUyMTJzMzIxOCUyNTIwU0UlMjUyMDZ0aCUyNTIwQXZlJTI1MkMlMjUyMEZvcnQlMjUyMExhdWRlcmRhbGUlMjUyQyUyNTIwRkwlMjUyMDMzMzE2JTI1MkMlMjUyMEVFLiUyNTIwVVUuJTIxNWUwJTIxM20yJTIxMXNlcy00MTklMjEyc2NvJTIxNHYxNzY0MDk0NzU1ODE3JTIxNW0yJTIxMXNlcy00MTklMjEyc2NvJTIyJTIwd2lkdGglM0QlMjI2MDAlMjIlMjBoZWlnaHQlM0QlMjI0NTAlMjIlMjBzdHlsZSUzRCUyMmJvcmRlciUzQTAlM0IlMjIlMjBhbGxvd2Z1bGxzY3JlZW4lM0QlMjIlMjIlMjBsb2FkaW5nJTNEJTIybGF6eSUyMiUyMHJlZmVycmVycG9saWN5JTNEJTIybm8tcmVmZXJyZXItd2hlbi1kb3duZ3JhZGUlMjIlM0UlM0MlMkZpZnJhbWUlM0U=\u00bb][\/vc_column][\/vc_row]<\/p>\n","protected":false},"excerpt":{"rendered":"<p>[vc_row full_width=\u00bbstretch_row\u00bb el_id=\u00bbservices\u00bb][vc_column][vc_custom_heading text=\u00bbOur Services\u00bb text_additional=\u00bbProbably the best service in the world\u00bb font_container=\u00bbtag:h2|text_align:center\u00bb][om_max_width max_width=\u00bb960&#8243;][om_services top_padding=\u00bb250&#8243; bottom_padding=\u00bb100&#8243;][om_services_item title=\u00bbWI-FI Hostpot\u00bb link=\u00bb|||\u00bb bg_image=\u00bb2131&#8243;]Con nuestro dispositivo Mobile Wi-Fi hotspot&hellip;<\/p>\n<p><a href=\"https:\/\/rypmiamicar.com\/\" class=\"read-more-link\">Read more<\/a><\/p>\n","protected":false},"author":1,"featured_media":0,"parent":0,"menu_order":0,"comment_status":"closed","ping_status":"closed","template":"","meta":{"footnotes":""},"class_list":["post-2096","page","type-page","status-publish","hentry"],"_links":{"self":[{"href":"https:\/\/rypmiamicar.com\/index.php\/wp-json\/wp\/v2\/pages\/2096","targetHints":{"allow":["GET"]}}],"collection":[{"href":"https:\/\/rypmiamicar.com\/index.php\/wp-json\/wp\/v2\/pages"}],"about":[{"href":"https:\/\/rypmiamicar.com\/index.php\/wp-json\/wp\/v2\/types\/page"}],"author":[{"embeddable":true,"href":"https:\/\/rypmiamicar.com\/index.php\/wp-json\/wp\/v2\/users\/1"}],"replies":[{"embeddable":true,"href":"https:\/\/rypmiamicar.com\/index.php\/wp-json\/wp\/v2\/comments?post=2096"}],"version-history":[{"count":21,"href":"https:\/\/rypmiamicar.com\/index.php\/wp-json\/wp\/v2\/pages\/2096\/revisions"}],"predecessor-version":[{"id":2210,"href":"https:\/\/rypmiamicar.com\/index.php\/wp-json\/wp\/v2\/pages\/2096\/revisions\/2210"}],"wp:attachment":[{"href":"https:\/\/rypmiamicar.com\/index.php\/wp-json\/wp\/v2\/media?parent=2096"}],"curies":[{"name":"wp","href":"https:\/\/api.w.org\/{rel}","templated":true}]}}